{"id":2959,"date":"2023-04-20T11:46:53","date_gmt":"2023-04-20T11:46:53","guid":{"rendered":"https:\/\/dev.bombasborja.proyectosrank.com\/?page_id=2959"},"modified":"2023-10-27T10:07:53","modified_gmt":"2023-10-27T10:07:53","slug":"novelties","status":"publish","type":"page","link":"https:\/\/borjavalves.com\/en\/novelties\/","title":{"rendered":"Novelties"},"content":{"rendered":"\t\t<div data-elementor-type=\"wp-page\" data-elementor-id=\"2959\" class=\"elementor elementor-2959 elementor-25\" data-elementor-post-type=\"page\">\n\t\t\t\t\t\t<section class=\"elementor-section elementor-top-section elementor-element elementor-element-66499ab elementor-section-boxed elementor-section-height-default elementor-section-height-default\" data-id=\"66499ab\" data-element_type=\"section\" data-e-type=\"section\">\n\t\t\t\t\t\t<div class=\"elementor-container elementor-column-gap-default\">\n\t\t\t\t\t<div class=\"elementor-column elementor-col-100 elementor-top-column elementor-element elementor-element-1441692\" data-id=\"1441692\" data-element_type=\"column\" data-e-type=\"column\">\n\t\t\t<div class=\"elementor-widget-wrap elementor-element-populated\">\n\t\t\t\t\t\t<div class=\"elementor-element elementor-element-087d02a wd-width-100 elementor-widget elementor-widget-wd_title\" data-id=\"087d02a\" data-element_type=\"widget\" data-e-type=\"widget\" data-widget_type=\"wd_title.default\">\n\t\t\t\t<div class=\"elementor-widget-container\">\n\t\t\t\t\t\t\t<div class=\"title-wrapper set-mb-s reset-last-child wd-title-color-default wd-title-style-default wd-title-size-extra-large text-left\">\n\n\t\t\t\n\t\t\t<div class=\"liner-continer\">\n\t\t\t\t<h4 class=\"woodmart-title-container title wd-fontsize-xxxl\">Novelties<\/h4> \n\t\t\t\t\t\t\t<\/div>\n\n\t\t\t\t\t<\/div>\n\t\t\t\t\t\t<\/div>\n\t\t\t\t<\/div>\n\t\t\t\t<div class=\"elementor-element elementor-element-8c3e836 elementor-widget__width-initial elementor-widget elementor-widget-wd_text_block\" data-id=\"8c3e836\" data-element_type=\"widget\" data-e-type=\"widget\" data-widget_type=\"wd_text_block.default\">\n\t\t\t\t<div class=\"elementor-widget-container\">\n\t\t\t\t\t\t\t<div class=\"wd-text-block reset-last-child text-left\">\n\t\t\t\n\t\t\t<p><span style=\"font-size: 15px; background-color: var(--wd-main-bgcolor); color: var(--wd-text-color);\">BOMBAS BORJA's desire for evolution along with the market has led us to introduce several new products in our catalogue, some of them already presented to our clients at the past Fairs in: Frankfurt (ACHEMA), D\u00fcsseldorf (VALVE WORD ), Amsterdam (AQUATECH) and Munich (IFAT).<\/span><br><\/p>\n\t\t\t\t\t<\/div>\n\t\t\t\t\t\t<\/div>\n\t\t\t\t<\/div>\n\t\t\t\t\t<\/div>\n\t\t<\/div>\n\t\t\t\t\t<\/div>\n\t\t<\/section>\n\t\t\t\t<section class=\"elementor-section elementor-top-section elementor-element elementor-element-fccee45 elementor-section-boxed elementor-section-height-default elementor-section-height-default\" data-id=\"fccee45\" data-element_type=\"section\" data-e-type=\"section\">\n\t\t\t\t\t\t<div class=\"elementor-container elementor-column-gap-default\">\n\t\t\t\t\t<div class=\"elementor-column elementor-col-100 elementor-top-column elementor-element elementor-element-df34eb0\" data-id=\"df34eb0\" data-element_type=\"column\" data-e-type=\"column\">\n\t\t\t<div class=\"elementor-widget-wrap elementor-element-populated\">\n\t\t\t\t\t\t<div class=\"elementor-element elementor-element-e331102 elementor-grid-3 elementor-grid-tablet-3 elementor-grid-mobile-2 elementor-products-grid elementor-wc-products elementor-show-pagination-border-yes elementor-widget elementor-widget-woocommerce-products\" data-id=\"e331102\" data-element_type=\"widget\" data-e-type=\"widget\" data-widget_type=\"woocommerce-products.default\">\n\t\t\t\t<div class=\"elementor-widget-container\">\n\t\t\t\t\t<div class=\"woocommerce columns-3 \">\n\t\t<div class=\"wd-products-per-page\">\n\t\t\t<span class=\"per-page-title\">\n\t\t\t\tShow\t\t\t<\/span>\n\n\t\t\t\t\t\t\t\t\t\t\t<a rel=\"nofollow noopener\" href=\"?per_page=9\" class=\"per-page-variation\">\n\t\t\t\t\t<span>\n\t\t\t\t\t\t9\t\t\t\t\t<\/span>\n\t\t\t\t<\/a>\n\t\t\t\t<span class=\"per-page-border\"><\/span>\n\t\t\t\t\t\t\t\t\t\t\t<a rel=\"nofollow noopener\" href=\"?per_page=12\" class=\"per-page-variation current-variation\">\n\t\t\t\t\t<span>\n\t\t\t\t\t\t12\t\t\t\t\t<\/span>\n\t\t\t\t<\/a>\n\t\t\t\t<span class=\"per-page-border\"><\/span>\n\t\t\t\t\t\t\t\t\t\t\t<a rel=\"nofollow noopener\" href=\"?per_page=18\" class=\"per-page-variation\">\n\t\t\t\t\t<span>\n\t\t\t\t\t\t18\t\t\t\t\t<\/span>\n\t\t\t\t<\/a>\n\t\t\t\t<span class=\"per-page-border\"><\/span>\n\t\t\t\t\t\t\t\t\t\t\t<a rel=\"nofollow noopener\" href=\"?per_page=24\" class=\"per-page-variation\">\n\t\t\t\t\t<span>\n\t\t\t\t\t\t24\t\t\t\t\t<\/span>\n\t\t\t\t<\/a>\n\t\t\t\t<span class=\"per-page-border\"><\/span>\n\t\t\t\t\t<\/div>\n\t\t\t\t<div class=\"wd-products-shop-view products-view-grid\">\n\t\t\t\n\t\t\t\t\t\t\t\t\t\t\t\t\n\t\t\t\t\t\t\t\t\t\t<a rel=\"nofollow noopener\" href=\"?shop_view=grid&#038;per_row=3\" class=\"shop-view per-row-3\" aria-label=\"Grid view 3\"><\/a>\n\t\t\t\t\t\t\t\t\t\n\t\t\t\t\t\t\t\t\t\t<a rel=\"nofollow noopener\" href=\"?shop_view=grid&#038;per_row=4\" class=\"shop-view per-row-4\" aria-label=\"Grid view 4\"><\/a>\n\t\t\t\t\t\t\t\t\t\n\t\t\t\t\t\t\t\t\t\t<a rel=\"nofollow noopener\" href=\"?shop_view=grid&#038;per_row=6\" class=\"shop-view current-variation per-row-6\" aria-label=\"Grid view 6\"><\/a>\n\t\t\t\t\t\t\t\t\t\n\t\t\t\t\t\t\t\t\t\t<a rel=\"nofollow noopener\" href=\"?shop_view=grid&#038;per_row=5\" class=\"shop-view per-row-5\" aria-label=\"Grid view 5\"><\/a>\n\t\t\t\t\t\t\t\t\t<\/div>\n\t\t<div class=\"wd-products-element\">\t\t\t<div class=\"wd-sticky-loader wd-content-loader\"><span class=\"wd-loader\"><\/span><\/div>\n\t\t\n<div class=\"products wd-products wd-grid-g grid-columns-6 elements-grid pagination-pagination wd-stretch-cont-lg wd-stretch-cont-md wd-stretch-cont-sm wd-products-with-bg\" data-source=\"main_loop\" data-min_price=\"\" data-max_price=\"\" data-columns=\"6\" style=\"--wd-col-lg:6;--wd-col-md:4;--wd-col-sm:2;--wd-gap-lg:20px;--wd-gap-sm:10px;\">\n<div class=\"wd-product wd-hover-buttons-on-hover wd-col product-grid-item product type-product post-4862 status-publish instock product_cat-check-valves product_cat-valves product_cat-novelties has-post-thumbnail shipping-taxable product-type-simple\" data-loop=\"1\" data-id=\"4862\">\n\t\n\t\n<div class=\"product-wrapper\">\n\t<div class=\"product-element-top wd-quick-shop\">\n\t\t<a href=\"https:\/\/borjavalves.com\/en\/producto\/ductile-flanged-axial-check-valve-pn25-fig-39n\/\" class=\"product-image-link\">\n\t\t\t<img fetchpriority=\"high\" decoding=\"async\" width=\"600\" height=\"600\" src=\"https:\/\/borjavalves.com\/wp-content\/uploads\/2024\/03\/Fig-39n-600x600.png\" class=\"attachment-woocommerce_thumbnail size-woocommerce_thumbnail\" alt=\"V\u00e1lvula de retenci\u00f3n axial D\u00factil con bridas para aguas limpias de borjavalves.com\" srcset=\"https:\/\/borjavalves.com\/wp-content\/uploads\/2024\/03\/Fig-39n-600x600.png 600w, https:\/\/borjavalves.com\/wp-content\/uploads\/2024\/03\/Fig-39n-150x150.png 150w, https:\/\/borjavalves.com\/wp-content\/uploads\/2024\/03\/Fig-39n-1200x1200.png 1200w\" sizes=\"(max-width: 600px) 100vw, 600px\" \/>\t\t<\/a>\n\n\t\t\n\t\t<div class=\"wd-buttons wd-pos-r-t\">\n\t\t\t\t\t<\/div>\n\t<\/div>\n\n\t<div class=\"product-element-bottom\">\n\n\t\t<div class=\"wd-product-header\">\n\t\t\t<h3 class=\"wd-entities-title\"><a href=\"https:\/\/borjavalves.com\/en\/producto\/ductile-flanged-axial-check-valve-pn25-fig-39n\/\">Ductile Flanged Axial Check Valve PN25 Fig.39N<\/a><\/h3>\n\t\t\t\t\t<\/div>\n\n\t\t\n\t\t\t\t<div class=\"wd-product-cats\">\n\t\t\t<a href=\"https:\/\/borjavalves.com\/en\/categoria-producto\/valves\/\" rel=\"tag\">Industrial Valves<\/a>, <a href=\"https:\/\/borjavalves.com\/en\/categoria-producto\/valves\/check-valves\/\" rel=\"tag\">Check Valves<\/a>, <a href=\"https:\/\/borjavalves.com\/en\/categoria-producto\/novelties\/\" rel=\"tag\">Novelties<\/a>\t\t<\/div>\n\t\t\n\t\t\n\t\t<div class=\"wrap-price\">\n\t\t\t\n\n\t\t\t\t\t<\/div>\n\n\t\t\n\t\t\n\t\t\n\t\t\n\t\t<div class=\"wd-product-footer\">\n\t\t\t<div class=\"wd-add-btn wd-add-btn-replace\">\n\t\t\t\t\t\t\t<\/div>\n\n\t\t\t\t\t\t<div class=\"wd-action-buttons\">\n\t\t\t\t\t\t\t\t\t\t<div class=\"quick-view wd-action-btn wd-style-icon wd-quick-view-icon wd-tooltip\">\n\t\t\t<a\n\t\t\t\thref=\"https:\/\/borjavalves.com\/en\/producto\/ductile-flanged-axial-check-valve-pn25-fig-39n\/\"\n\t\t\t\tclass=\"open-quick-view quick-view-button\"\n\t\t\t\trel=\"nofollow\"\n\t\t\t\tdata-id=\"4862\"\n\t\t\t\t>Quick view<\/a>\n\t\t<\/div>\n\t\t\t\t\t<\/div>\n\t\t\t\t\t<\/div>\n\t<\/div>\n<\/div>\n<\/div>\n<div class=\"wd-product wd-hover-buttons-on-hover wd-col product-grid-item product type-product post-4834 status-publish last instock product_cat-novelties product_cat-various has-post-thumbnail shipping-taxable product-type-simple\" data-loop=\"2\" data-id=\"4834\">\n\t\n\t\n<div class=\"product-wrapper\">\n\t<div class=\"product-element-top wd-quick-shop\">\n\t\t<a href=\"https:\/\/borjavalves.com\/en\/producto\/ductle-y-type-filter-flanges-pn25-fig-42n\/\" class=\"product-image-link\">\n\t\t\t<img decoding=\"async\" width=\"600\" height=\"600\" src=\"https:\/\/borjavalves.com\/wp-content\/uploads\/2024\/03\/Fig-43n-600x600.png\" class=\"attachment-woocommerce_thumbnail size-woocommerce_thumbnail\" alt=\"\" srcset=\"https:\/\/borjavalves.com\/wp-content\/uploads\/2024\/03\/Fig-43n-600x600.png 600w, https:\/\/borjavalves.com\/wp-content\/uploads\/2024\/03\/Fig-43n-150x150.png 150w, https:\/\/borjavalves.com\/wp-content\/uploads\/2024\/03\/Fig-43n-1200x1200.png 1200w\" sizes=\"(max-width: 600px) 100vw, 600px\" \/>\t\t<\/a>\n\n\t\t\n\t\t<div class=\"wd-buttons wd-pos-r-t\">\n\t\t\t\t\t<\/div>\n\t<\/div>\n\n\t<div class=\"product-element-bottom\">\n\n\t\t<div class=\"wd-product-header\">\n\t\t\t<h3 class=\"wd-entities-title\"><a href=\"https:\/\/borjavalves.com\/en\/producto\/ductle-y-type-filter-flanges-pn25-fig-42n\/\">Ductile &#8220;Y&#8221; type filter with Flanges PN25 Fig.42N<\/a><\/h3>\n\t\t\t\t\t<\/div>\n\n\t\t\n\t\t\t\t<div class=\"wd-product-cats\">\n\t\t\t<a href=\"https:\/\/borjavalves.com\/en\/categoria-producto\/novelties\/\" rel=\"tag\">Novelties<\/a>, <a href=\"https:\/\/borjavalves.com\/en\/categoria-producto\/various\/\" rel=\"tag\">Various<\/a>\t\t<\/div>\n\t\t\n\t\t\n\t\t<div class=\"wrap-price\">\n\t\t\t\n\n\t\t\t\t\t<\/div>\n\n\t\t\n\t\t\n\t\t\n\t\t\n\t\t<div class=\"wd-product-footer\">\n\t\t\t<div class=\"wd-add-btn wd-add-btn-replace\">\n\t\t\t\t\t\t\t<\/div>\n\n\t\t\t\t\t\t<div class=\"wd-action-buttons\">\n\t\t\t\t\t\t\t\t\t\t<div class=\"quick-view wd-action-btn wd-style-icon wd-quick-view-icon wd-tooltip\">\n\t\t\t<a\n\t\t\t\thref=\"https:\/\/borjavalves.com\/en\/producto\/ductle-y-type-filter-flanges-pn25-fig-42n\/\"\n\t\t\t\tclass=\"open-quick-view quick-view-button\"\n\t\t\t\trel=\"nofollow\"\n\t\t\t\tdata-id=\"4834\"\n\t\t\t\t>Quick view<\/a>\n\t\t<\/div>\n\t\t\t\t\t<\/div>\n\t\t\t\t\t<\/div>\n\t<\/div>\n<\/div>\n<\/div>\n<div class=\"wd-product wd-hover-buttons-on-hover wd-col product-grid-item product type-product post-2559 status-publish first instock product_cat-check-valves product_cat-valves product_cat-novelties has-post-thumbnail shipping-taxable product-type-simple\" data-loop=\"3\" data-id=\"2559\">\n\t\n\t\n<div class=\"product-wrapper\">\n\t<div class=\"product-element-top wd-quick-shop\">\n\t\t<a href=\"https:\/\/borjavalves.com\/en\/producto\/axial-check-valve-with-flanges-fig-39\/\" class=\"product-image-link\">\n\t\t\t<img decoding=\"async\" width=\"600\" height=\"600\" src=\"https:\/\/borjavalves.com\/wp-content\/uploads\/2023\/10\/fig-29-New-600x600.png\" class=\"attachment-woocommerce_thumbnail size-woocommerce_thumbnail\" alt=\"V\u00e1lvula de retenci\u00f3n Axial con Bridas Fig.39 de borjavalves.com\" srcset=\"https:\/\/borjavalves.com\/wp-content\/uploads\/2023\/10\/fig-29-New-600x600.png 600w, https:\/\/borjavalves.com\/wp-content\/uploads\/2023\/10\/fig-29-New-150x150.png 150w\" sizes=\"(max-width: 600px) 100vw, 600px\" \/>\t\t<\/a>\n\n\t\t\n\t\t<div class=\"wd-buttons wd-pos-r-t\">\n\t\t\t\t\t<\/div>\n\t<\/div>\n\n\t<div class=\"product-element-bottom\">\n\n\t\t<div class=\"wd-product-header\">\n\t\t\t<h3 class=\"wd-entities-title\"><a href=\"https:\/\/borjavalves.com\/en\/producto\/axial-check-valve-with-flanges-fig-39\/\">Axial Check Valve With Flanges Fig. 39<\/a><\/h3>\n\t\t\t\t\t<\/div>\n\n\t\t\n\t\t\t\t<div class=\"wd-product-cats\">\n\t\t\t<a href=\"https:\/\/borjavalves.com\/en\/categoria-producto\/valves\/\" rel=\"tag\">Industrial Valves<\/a>, <a href=\"https:\/\/borjavalves.com\/en\/categoria-producto\/valves\/check-valves\/\" rel=\"tag\">Check Valves<\/a>, <a href=\"https:\/\/borjavalves.com\/en\/categoria-producto\/novelties\/\" rel=\"tag\">Novelties<\/a>\t\t<\/div>\n\t\t\n\t\t\n\t\t<div class=\"wrap-price\">\n\t\t\t\n\n\t\t\t\t\t<\/div>\n\n\t\t\n\t\t\n\t\t\n\t\t\n\t\t<div class=\"wd-product-footer\">\n\t\t\t<div class=\"wd-add-btn wd-add-btn-replace\">\n\t\t\t\t\t\t\t<\/div>\n\n\t\t\t\t\t\t<div class=\"wd-action-buttons\">\n\t\t\t\t\t\t\t\t\t\t<div class=\"quick-view wd-action-btn wd-style-icon wd-quick-view-icon wd-tooltip\">\n\t\t\t<a\n\t\t\t\thref=\"https:\/\/borjavalves.com\/en\/producto\/axial-check-valve-with-flanges-fig-39\/\"\n\t\t\t\tclass=\"open-quick-view quick-view-button\"\n\t\t\t\trel=\"nofollow\"\n\t\t\t\tdata-id=\"2559\"\n\t\t\t\t>Quick view<\/a>\n\t\t<\/div>\n\t\t\t\t\t<\/div>\n\t\t\t\t\t<\/div>\n\t<\/div>\n<\/div>\n<\/div>\n<div class=\"wd-product wd-hover-buttons-on-hover wd-col product-grid-item product type-product post-2446 status-publish instock product_cat-ball-valves product_cat-valves product_cat-novelties has-post-thumbnail shipping-taxable product-type-simple\" data-loop=\"4\" data-id=\"2446\">\n\t\n\t\n<div class=\"product-wrapper\">\n\t<div class=\"product-element-top wd-quick-shop\">\n\t\t<a href=\"https:\/\/borjavalves.com\/en\/producto\/stainless-steel-ball-valve-with-flanges-fig-65i\/\" class=\"product-image-link\">\n\t\t\t<img loading=\"lazy\" decoding=\"async\" width=\"600\" height=\"600\" src=\"https:\/\/borjavalves.com\/wp-content\/uploads\/2023\/10\/Fig-65l-600x600.png\" class=\"attachment-woocommerce_thumbnail size-woocommerce_thumbnail\" alt=\"V\u00e1lvula de bola con bridas para controlar fluidos\" srcset=\"https:\/\/borjavalves.com\/wp-content\/uploads\/2023\/10\/Fig-65l-600x600.png 600w, https:\/\/borjavalves.com\/wp-content\/uploads\/2023\/10\/Fig-65l-150x150.png 150w, https:\/\/borjavalves.com\/wp-content\/uploads\/2023\/10\/Fig-65l-1200x1200.png 1200w\" sizes=\"(max-width: 600px) 100vw, 600px\" \/>\t\t<\/a>\n\n\t\t\n\t\t<div class=\"wd-buttons wd-pos-r-t\">\n\t\t\t\t\t<\/div>\n\t<\/div>\n\n\t<div class=\"product-element-bottom\">\n\n\t\t<div class=\"wd-product-header\">\n\t\t\t<h3 class=\"wd-entities-title\"><a href=\"https:\/\/borjavalves.com\/en\/producto\/stainless-steel-ball-valve-with-flanges-fig-65i\/\">Stainless Steel Ball Valve With Flanges Fig. 65I<\/a><\/h3>\n\t\t\t\t\t<\/div>\n\n\t\t\n\t\t\t\t<div class=\"wd-product-cats\">\n\t\t\t<a href=\"https:\/\/borjavalves.com\/en\/categoria-producto\/valves\/\" rel=\"tag\">Industrial Valves<\/a>, <a href=\"https:\/\/borjavalves.com\/en\/categoria-producto\/valves\/ball-valves\/\" rel=\"tag\">Ball valves<\/a>, <a href=\"https:\/\/borjavalves.com\/en\/categoria-producto\/novelties\/\" rel=\"tag\">Novelties<\/a>\t\t<\/div>\n\t\t\n\t\t\n\t\t<div class=\"wrap-price\">\n\t\t\t\n\n\t\t\t\t\t<\/div>\n\n\t\t\n\t\t\n\t\t\n\t\t\n\t\t<div class=\"wd-product-footer\">\n\t\t\t<div class=\"wd-add-btn wd-add-btn-replace\">\n\t\t\t\t\t\t\t<\/div>\n\n\t\t\t\t\t\t<div class=\"wd-action-buttons\">\n\t\t\t\t\t\t\t\t\t\t<div class=\"quick-view wd-action-btn wd-style-icon wd-quick-view-icon wd-tooltip\">\n\t\t\t<a\n\t\t\t\thref=\"https:\/\/borjavalves.com\/en\/producto\/stainless-steel-ball-valve-with-flanges-fig-65i\/\"\n\t\t\t\tclass=\"open-quick-view quick-view-button\"\n\t\t\t\trel=\"nofollow\"\n\t\t\t\tdata-id=\"2446\"\n\t\t\t\t>Quick view<\/a>\n\t\t<\/div>\n\t\t\t\t\t<\/div>\n\t\t\t\t\t<\/div>\n\t<\/div>\n<\/div>\n<\/div>\n<div class=\"wd-product wd-hover-buttons-on-hover wd-col product-grid-item product type-product post-2429 status-publish last instock product_cat-ball-valves product_cat-valves product_cat-novelties has-post-thumbnail shipping-taxable product-type-simple\" data-loop=\"5\" data-id=\"2429\">\n\t\n\t\n<div class=\"product-wrapper\">\n\t<div class=\"product-element-top wd-quick-shop\">\n\t\t<a href=\"https:\/\/borjavalves.com\/en\/producto\/ball-valve-with-flanges-din-3357-fig-65b\/\" class=\"product-image-link\">\n\t\t\t<img loading=\"lazy\" decoding=\"async\" width=\"600\" height=\"600\" src=\"https:\/\/borjavalves.com\/wp-content\/uploads\/2023\/10\/fig-65B-New-600x600.png\" class=\"attachment-woocommerce_thumbnail size-woocommerce_thumbnail\" alt=\"\" srcset=\"https:\/\/borjavalves.com\/wp-content\/uploads\/2023\/10\/fig-65B-New-600x600.png 600w, https:\/\/borjavalves.com\/wp-content\/uploads\/2023\/10\/fig-65B-New-150x150.png 150w\" sizes=\"(max-width: 600px) 100vw, 600px\" \/>\t\t<\/a>\n\n\t\t\n\t\t<div class=\"wd-buttons wd-pos-r-t\">\n\t\t\t\t\t<\/div>\n\t<\/div>\n\n\t<div class=\"product-element-bottom\">\n\n\t\t<div class=\"wd-product-header\">\n\t\t\t<h3 class=\"wd-entities-title\"><a href=\"https:\/\/borjavalves.com\/en\/producto\/ball-valve-with-flanges-din-3357-fig-65b\/\">Ball Valve With Flanges Din 3357 Fig. 65B<\/a><\/h3>\n\t\t\t\t\t<\/div>\n\n\t\t\n\t\t\t\t<div class=\"wd-product-cats\">\n\t\t\t<a href=\"https:\/\/borjavalves.com\/en\/categoria-producto\/valves\/\" rel=\"tag\">Industrial Valves<\/a>, <a href=\"https:\/\/borjavalves.com\/en\/categoria-producto\/valves\/ball-valves\/\" rel=\"tag\">Ball valves<\/a>, <a href=\"https:\/\/borjavalves.com\/en\/categoria-producto\/novelties\/\" rel=\"tag\">Novelties<\/a>\t\t<\/div>\n\t\t\n\t\t\n\t\t<div class=\"wrap-price\">\n\t\t\t\n\n\t\t\t\t\t<\/div>\n\n\t\t\n\t\t\n\t\t\n\t\t\n\t\t<div class=\"wd-product-footer\">\n\t\t\t<div class=\"wd-add-btn wd-add-btn-replace\">\n\t\t\t\t\t\t\t<\/div>\n\n\t\t\t\t\t\t<div class=\"wd-action-buttons\">\n\t\t\t\t\t\t\t\t\t\t<div class=\"quick-view wd-action-btn wd-style-icon wd-quick-view-icon wd-tooltip\">\n\t\t\t<a\n\t\t\t\thref=\"https:\/\/borjavalves.com\/en\/producto\/ball-valve-with-flanges-din-3357-fig-65b\/\"\n\t\t\t\tclass=\"open-quick-view quick-view-button\"\n\t\t\t\trel=\"nofollow\"\n\t\t\t\tdata-id=\"2429\"\n\t\t\t\t>Quick view<\/a>\n\t\t<\/div>\n\t\t\t\t\t<\/div>\n\t\t\t\t\t<\/div>\n\t<\/div>\n<\/div>\n<\/div>\n<div class=\"wd-product wd-hover-buttons-on-hover wd-col product-grid-item product type-product post-2228 status-publish first instock product_cat-valves product_cat-metal-seat-gate-valves product_cat-novelties has-post-thumbnail shipping-taxable product-type-simple\" data-loop=\"6\" data-id=\"2228\">\n\t\n\t\n<div class=\"product-wrapper\">\n\t<div class=\"product-element-top wd-quick-shop\">\n\t\t<a href=\"https:\/\/borjavalves.com\/en\/producto\/metal-seat-gave-valve-fig-34c\/\" class=\"product-image-link\">\n\t\t\t<img loading=\"lazy\" decoding=\"async\" width=\"600\" height=\"600\" src=\"https:\/\/borjavalves.com\/wp-content\/uploads\/2023\/10\/fig-34C-New-600x600.png\" class=\"attachment-woocommerce_thumbnail size-woocommerce_thumbnail\" alt=\"V\u00e1lvula de compuerta con cierre met\u00e1lico y alojamiento c\u00f3ncavo de borjavalves.com\" srcset=\"https:\/\/borjavalves.com\/wp-content\/uploads\/2023\/10\/fig-34C-New-600x600.png 600w, https:\/\/borjavalves.com\/wp-content\/uploads\/2023\/10\/fig-34C-New-150x150.png 150w\" sizes=\"(max-width: 600px) 100vw, 600px\" \/>\t\t<\/a>\n\n\t\t\n\t\t<div class=\"wd-buttons wd-pos-r-t\">\n\t\t\t\t\t<\/div>\n\t<\/div>\n\n\t<div class=\"product-element-bottom\">\n\n\t\t<div class=\"wd-product-header\">\n\t\t\t<h3 class=\"wd-entities-title\"><a href=\"https:\/\/borjavalves.com\/en\/producto\/metal-seat-gave-valve-fig-34c\/\">Metal Seated Gave Valve Fig. 34C<\/a><\/h3>\n\t\t\t\t\t<\/div>\n\n\t\t\n\t\t\t\t<div class=\"wd-product-cats\">\n\t\t\t<a href=\"https:\/\/borjavalves.com\/en\/categoria-producto\/valves\/\" rel=\"tag\">Industrial Valves<\/a>, <a href=\"https:\/\/borjavalves.com\/en\/categoria-producto\/valves\/metal-seat-gate-valves\/\" rel=\"tag\">Metal Seat Gate Valves<\/a>, <a href=\"https:\/\/borjavalves.com\/en\/categoria-producto\/novelties\/\" rel=\"tag\">Novelties<\/a>\t\t<\/div>\n\t\t\n\t\t\n\t\t<div class=\"wrap-price\">\n\t\t\t\n\n\t\t\t\t\t<\/div>\n\n\t\t\n\t\t\n\t\t\n\t\t\n\t\t<div class=\"wd-product-footer\">\n\t\t\t<div class=\"wd-add-btn wd-add-btn-replace\">\n\t\t\t\t\t\t\t<\/div>\n\n\t\t\t\t\t\t<div class=\"wd-action-buttons\">\n\t\t\t\t\t\t\t\t\t\t<div class=\"quick-view wd-action-btn wd-style-icon wd-quick-view-icon wd-tooltip\">\n\t\t\t<a\n\t\t\t\thref=\"https:\/\/borjavalves.com\/en\/producto\/metal-seat-gave-valve-fig-34c\/\"\n\t\t\t\tclass=\"open-quick-view quick-view-button\"\n\t\t\t\trel=\"nofollow\"\n\t\t\t\tdata-id=\"2228\"\n\t\t\t\t>Quick view<\/a>\n\t\t<\/div>\n\t\t\t\t\t<\/div>\n\t\t\t\t\t<\/div>\n\t<\/div>\n<\/div>\n<\/div>\n<\/div>\n\t\t\t\t<div class=\"wd-loop-footer products-footer\">\n\t\t\t\t\t<nav class=\"woocommerce-pagination wd-pagination\">\n\t\t\t\t<ul class='page-numbers'>\n\t<li><span aria-label=\"Page 1\" aria-current=\"page\" class=\"page-numbers current\">1<\/span><\/li>\n\t<li><a aria-label=\"Page 2\" class=\"page-numbers\" href=\"\/en\/wp-json\/wp\/v2\/pages\/2959?product-page=2\">2<\/a><\/li>\n\t<li><a class=\"next page-numbers\" href=\"\/en\/wp-json\/wp\/v2\/pages\/2959?product-page=2\">&rarr;<\/a><\/li>\n<\/ul>\n\t\t\t<\/nav>\n\t\t\t<\/div>\n<\/div><\/div>\t\t\t\t<\/div>\n\t\t\t\t<\/div>\n\t\t\t\t\t<\/div>\n\t\t<\/div>\n\t\t\t\t\t<\/div>\n\t\t<\/section>\n\t\t\t\t<\/div>\n\t\t","protected":false},"excerpt":{"rendered":"<p>Novelties BOMBAS BORJA&#8217;s desire for evolution along with the market has led us to introduce several new products in our<\/p>\n","protected":false},"author":1,"featured_media":0,"parent":0,"menu_order":0,"comment_status":"closed","ping_status":"closed","template":"","meta":{"_acf_changed":false,"footnotes":""},"class_list":["post-2959","page","type-page","status-publish","hentry"],"acf":[],"_links":{"self":[{"href":"https:\/\/borjavalves.com\/en\/wp-json\/wp\/v2\/pages\/2959","targetHints":{"allow":["GET"]}}],"collection":[{"href":"https:\/\/borjavalves.com\/en\/wp-json\/wp\/v2\/pages"}],"about":[{"href":"https:\/\/borjavalves.com\/en\/wp-json\/wp\/v2\/types\/page"}],"author":[{"embeddable":true,"href":"https:\/\/borjavalves.com\/en\/wp-json\/wp\/v2\/users\/1"}],"replies":[{"embeddable":true,"href":"https:\/\/borjavalves.com\/en\/wp-json\/wp\/v2\/comments?post=2959"}],"version-history":[{"count":22,"href":"https:\/\/borjavalves.com\/en\/wp-json\/wp\/v2\/pages\/2959\/revisions"}],"predecessor-version":[{"id":3131,"href":"https:\/\/borjavalves.com\/en\/wp-json\/wp\/v2\/pages\/2959\/revisions\/3131"}],"wp:attachment":[{"href":"https:\/\/borjavalves.com\/en\/wp-json\/wp\/v2\/media?parent=2959"}],"curies":[{"name":"wp","href":"https:\/\/api.w.org\/{rel}","templated":true}]}}